{"id":9584,"date":"2022-01-19T20:42:51","date_gmt":"2022-01-19T20:42:51","guid":{"rendered":"https:\/\/web.dusd.net\/glad\/faqs\/"},"modified":"2022-11-15T23:14:38","modified_gmt":"2022-11-15T23:14:38","slug":"faqs","status":"publish","type":"page","link":"https:\/\/web.dusd.net\/glad\/faqs\/","title":{"rendered":"FAQs"},"content":{"rendered":"<p>[et_pb_section fb_built=&#8221;1&#8243; module_class=&#8221;header&#8221; _builder_version=&#8221;4.10.6&#8243; use_background_color_gradient=&#8221;on&#8221; background_color_gradient_start=&#8221;#00b3e3&#8243; background_color_gradient_end=&#8221;rgba(255,255,255,0)&#8221; background_color_gradient_direction=&#8221;100deg&#8221; background_color_gradient_start_position=&#8221;50%&#8221; background_color_gradient_overlays_image=&#8221;on&#8221; background_image=&#8221;https:\/\/web.dusd.net\/glad\/wp-content\/uploads\/sites\/38\/2019\/11\/headers_3.jpg&#8221; background_size=&#8221;initial&#8221; background_position=&#8221;top_right&#8221; global_colors_info=&#8221;{}&#8221;][et_pb_row _builder_version=&#8221;3.25&#8243; global_colors_info=&#8221;{}&#8221;][et_pb_column type=&#8221;4_4&#8243; _builder_version=&#8221;3.25&#8243; custom_padding=&#8221;|||&#8221; global_colors_info=&#8221;{}&#8221; custom_padding__hover=&#8221;|||&#8221;][et_pb_text _builder_version=&#8221;3.27.4&#8243; text_font=&#8221;||||||||&#8221; text_text_color=&#8221;#ffffff&#8221; background_layout=&#8221;dark&#8221; global_colors_info=&#8221;{}&#8221;]<\/p>\n<h1>Preguntas Frecuentes<\/h1>\n<p>[\/et_pb_text][\/et_pb_column][\/et_pb_row][\/et_pb_section][et_pb_section fb_built=&#8221;1&#8243; module_id=&#8221;campanas&#8221; _builder_version=&#8221;3.22&#8243; background_color=&#8221;#ffffff&#8221; background_blend=&#8221;multiply&#8221; custom_padding=&#8221;38px|0px|29px|0px|false|false&#8221; global_colors_info=&#8221;{}&#8221;][et_pb_row column_structure=&#8221;1_2,1_2&#8243; use_custom_gutter=&#8221;on&#8221; gutter_width=&#8221;2&#8243; _builder_version=&#8221;3.25&#8243; global_colors_info=&#8221;{}&#8221;][et_pb_column type=&#8221;1_2&#8243; _builder_version=&#8221;3.25&#8243; custom_padding=&#8221;|||&#8221; global_colors_info=&#8221;{}&#8221; custom_padding__hover=&#8221;|||&#8221;][et_pb_toggle title=&#8221;\u00bfC\u00f3mo afectar\u00e1 la inmersi\u00f3n de personas que hablan ingl\u00e9s dentro de un programa biling\u00fce a sus habilidades de hablar su idioma nativo?&#8221; open_toggle_text_color=&#8221;#000000&#8243; closed_toggle_text_color=&#8221;#FFFFFF&#8221; closed_toggle_background_color=&#8221;#1CCFC9&#8243; _builder_version=&#8221;4.10.6&#8243; title_font=&#8221;||||||||&#8221; title_font_size=&#8221;18px&#8221; hover_enabled=&#8221;0&#8243; global_colors_info=&#8221;{}&#8221; sticky_enabled=&#8221;0&#8243; border_radii=&#8221;on|6px|6px|6px|6px&#8221; border_width_all=&#8221;0px&#8221; icon_color=&#8221;#FFFFFF&#8221;]<\/p>\n<p><span>Debido a la prevalencia del idioma ingl\u00e9s en los hogares de los estudiantes y sus comunidades, as\u00ed como en la sociedad estadounidense que los rodea, los estudiantes cuyo idioma nativo es el ingl\u00e9s no se consideran en riesgo de perder su fluidez. <\/span><\/p>\n<p><span>Un programa como G.L.A.D. les permite a los estudiantes la oportunidad de aprender un nuevo idioma mientras contin\u00faan avanzando en el idioma ingl\u00e9s. El ingl\u00e9s no es reemplazado; m\u00e1s bien, otro idioma es simplemente adquirido.<\/span><\/p>\n<p>[\/et_pb_toggle][et_pb_toggle title=&#8221;\u00bfLos estudiantes y los padres necesitan ser biling\u00fces para tener \u00e9xito en el programa?&#8221; closed_toggle_text_color=&#8221;#FFFFFF&#8221; closed_toggle_background_color=&#8221;#1CCFC9&#8243; _builder_version=&#8221;3.21.4&#8243; title_font=&#8221;||||||||&#8221; title_font_size=&#8221;18px&#8221; global_colors_info=&#8221;{}&#8221; open_toggle_text_color=&#8221;#000000&#8243; border_radii=&#8221;on|6px|6px|6px|6px&#8221; border_width_all=&#8221;0px&#8221; icon_color=&#8221;#FFFFFF&#8221;]<\/p>\n<p><span style=\"font-weight: 400;\">Los estudiantes y los padres no necesitan ser biling\u00fces para tener \u00e9xito en el programa. Los estudiantes cuyos idiomas nativos no sean espa\u00f1ol o ingl\u00e9s tambi\u00e9n pueden asistir.<\/span><\/p>\n<p>[\/et_pb_toggle][et_pb_toggle title=&#8221;\u00bfPor qu\u00e9 mi estudiante debe tomar una prueba de evaluaci\u00f3n?&#8221; closed_toggle_text_color=&#8221;#FFFFFF&#8221; closed_toggle_background_color=&#8221;#1CCFC9&#8243; _builder_version=&#8221;3.21.4&#8243; title_font=&#8221;||||||||&#8221; title_font_size=&#8221;18px&#8221; global_colors_info=&#8221;{}&#8221; open_toggle_text_color=&#8221;#000000&#8243; border_radii=&#8221;on|6px|6px|6px|6px&#8221; border_width_all=&#8221;0px&#8221; icon_color=&#8221;#FFFFFF&#8221;]<\/p>\n<p><span style=\"font-weight: 400;\">\u00bfPor qu\u00e9 mi estudiante debe tomar una prueba de evaluaci\u00f3n?<\/span><\/p>\n<p><span style=\"font-weight: 400;\">Nuestro objetivo es que cada clase est\u00e9 compuesta por un 50% de hablantes nativos de ingl\u00e9s y un 50% de hablantes nativos de espa\u00f1ol. Para garantizar que mantengamos este equilibrio, los estudiantes deben solicitar y someterse a una evaluaci\u00f3n gratuita como parte del proceso de solicitud.<\/span><\/p>\n<p>[\/et_pb_toggle][\/et_pb_column][et_pb_column type=&#8221;1_2&#8243; _builder_version=&#8221;3.25&#8243; custom_padding=&#8221;|||&#8221; global_colors_info=&#8221;{}&#8221; custom_padding__hover=&#8221;|||&#8221;][et_pb_toggle title=&#8221;\u00bfC\u00f3mo podr\u00e1n los estudiantes que solo hablan ingl\u00e9s aprender de manera efectiva cuando se les ense\u00f1a hasta el 90% del d\u00eda en un idioma que no entienden?&#8221; closed_toggle_text_color=&#8221;#FFFFFF&#8221; closed_toggle_background_color=&#8221;#1CCFC9&#8243; _builder_version=&#8221;3.21.4&#8243; title_font=&#8221;||||||||&#8221; title_font_size=&#8221;18px&#8221; global_colors_info=&#8221;{}&#8221; open_toggle_text_color=&#8221;#000000&#8243; border_radii=&#8221;on|6px|6px|6px|6px&#8221; border_width_all=&#8221;0px&#8221; icon_color=&#8221;#FFFFFF&#8221;]<\/p>\n<p><span>En a\u00f1os anteriores de investigaci\u00f3n adquirida en programas canadienses que aplican el m\u00e9todo de inmersi\u00f3n bidireccional (estudiantes de habla inglesa que aprenden franc\u00e9s) han mostrado que los estudiantes en el programa obtienen calificaciones iguales \u00f3 m\u00e1s altas en las pruebas que sus compa\u00f1eros de habla inglesa que reciben instrucci\u00f3n \u00fanicamente en ingl\u00e9s. En el modelo canadiense, los estudiantes que aprenden el nuevo idioma reciben instrucci\u00f3n hasta el 100% del d\u00eda. <\/span><\/p>\n<p><span>Basados en esta investigaci\u00f3n y en los 15 a\u00f1os de investigaci\u00f3n adicionales sobre programas de inmersi\u00f3n de dos v\u00edas que revelan resultados similares, confiamos en que nuestro programa beneficiar\u00e1 enormemente a nuestros estudiantes. <\/span><\/p>\n<p><span>Para m\u00e1s informaci\u00f3n sobre programas de inmersi\u00f3n, visite el<\/span><a href=\"http:\/\/www.carla.umn.edu\/immersion\/\" target=\"_blank\" rel=\"noopener noreferrer\">Center for Advanced Research on Language Acquisition.<\/a><span><\/span><\/p>\n<p>[\/et_pb_toggle][et_pb_toggle title=&#8221;\u00bfCu\u00e1l es el Compromiso Familiar?&#8221; closed_toggle_text_color=&#8221;#FFFFFF&#8221; closed_toggle_background_color=&#8221;#1CCFC9&#8243; _builder_version=&#8221;3.21.4&#8243; title_font=&#8221;||||||||&#8221; title_font_size=&#8221;18px&#8221; global_colors_info=&#8221;{}&#8221; open_toggle_text_color=&#8221;#000000&#8243; border_radii=&#8221;on|6px|6px|6px|6px&#8221; border_width_all=&#8221;0px&#8221; icon_color=&#8221;#FFFFFF&#8221;]<\/p>\n<p><span>Las investigaciones muestran que se necesita un m\u00ednimo de cinco a\u00f1os de estudios intensos para desarrollar completamente un segundo idioma con aptitud acad\u00e9mica. (Cummins, 1989)<\/span><br \/> <span><\/span><\/p>\n<p><span>Debido a este tiempo adicional requerido para desarrollar el dominio del idioma, les pedimos a los padres que acepten comprometerse con nuestro programa de cinco a\u00f1os de escuela primaria. Una vez que los estudiantes alcanzan el segundo grado, es mucho m\u00e1s dif\u00edcil para los estudiantes poder gestionar con \u00e9xito la transici\u00f3n a nuestro programa de inmersi\u00f3n en dos idiomas (a menos que se transfieran de otro programa de DLI).<\/span><\/p>\n<p>[\/et_pb_toggle][et_pb_toggle title=&#8221;\u00bfCu\u00e1les son los siguientes pasos?&#8221; closed_toggle_text_color=&#8221;#FFFFFF&#8221; closed_toggle_background_color=&#8221;#1CCFC9&#8243; _builder_version=&#8221;3.21.4&#8243; title_font=&#8221;||||||||&#8221; title_font_size=&#8221;18px&#8221; global_colors_info=&#8221;{}&#8221; open_toggle_text_color=&#8221;#000000&#8243; border_radii=&#8221;on|6px|6px|6px|6px&#8221; border_width_all=&#8221;0px&#8221; icon_color=&#8221;#FFFFFF&#8221;]<\/p>\n<p><span>Enviaremos cartas de aceptaci\u00f3n y arrepentimiento a los padres en marzo. Los padres de los estudiantes que han sido aceptados deber\u00e1n acudir a una reuni\u00f3n de confirmaci\u00f3n en la que aprender\u00e1n m\u00e1s sobre el plan de estudios \u00e9 instrucci\u00f3n y confirmar\u00e1n la participaci\u00f3n de sus hijos.<\/span><\/p>\n<p>Los padres deber\u00e1n completar y enviar los formularios de inscripci\u00f3n para asegurarse de que sus hijos est\u00e9n inscritos en nuestra escuela. La solicitud no contiene toda la informaci\u00f3n necesaria para inscribirse. Para transferencia entre distritos, el proceso de transferencia debe ser completado desde el Distrito escolar de origen. Una vez que el Distrito local lo aprueba, la solicitud de transferencia se debe llevar a DUSD.<\/p>\n<p>Si hay alg\u00fan problema con la liberaci\u00f3n de su distrito de origen, comun\u00edquese con nosotros. Si no se acepta a un estudiante de transferencia entre distritos en el programa, se le garantiza que \u00e9l o ella tenga un lugar en un jard\u00edn de infantes en una de nuestras escuelas de DUSD.<\/p>\n<p>[\/et_pb_toggle][\/et_pb_column][\/et_pb_row][\/et_pb_section]<\/p>\n","protected":false},"excerpt":{"rendered":"<p>Preguntas FrecuentesDebido a la prevalencia del idioma ingl\u00e9s en los hogares de los estudiantes y sus comunidades, as\u00ed como en la sociedad estadounidense que los rodea, los estudiantes cuyo idioma nativo es el ingl\u00e9s no se consideran en riesgo de perder su fluidez. Un programa como G.L.A.D. les permite a los estudiantes la oportunidad de [&hellip;]<\/p>\n","protected":false},"author":1,"featured_media":0,"parent":0,"menu_order":0,"comment_status":"closed","ping_status":"closed","template":"","meta":{"_et_pb_use_builder":"on","_et_pb_old_content":"","_et_gb_content_width":"","footnotes":""},"class_list":["post-9584","page","type-page","status-publish","hentry"],"yoast_head":"<!-- This site is optimized with the Yoast SEO plugin v25.3 - https:\/\/yoast.com\/wordpress\/plugins\/seo\/ -->\r\n<title>FAQs | Global Language Academies of Downey<\/title>\r\n<meta name=\"robots\" content=\"index, follow, max-snippet:-1, max-image-preview:large, max-video-preview:-1\" \/>\r\n<link rel=\"canonical\" href=\"https:\/\/web.dusd.net\/glad\/faqs\/\" \/>\r\n<meta property=\"og:locale\" content=\"en_US\" \/>\r\n<meta property=\"og:type\" content=\"article\" \/>\r\n<meta property=\"og:title\" content=\"FAQs | Global Language Academies of Downey\" \/>\r\n<meta property=\"og:description\" content=\"Preguntas FrecuentesDebido a la prevalencia del idioma ingl\u00e9s en los hogares de los estudiantes y sus comunidades, as\u00ed como en la sociedad estadounidense que los rodea, los estudiantes cuyo idioma nativo es el ingl\u00e9s no se consideran en riesgo de perder su fluidez. Un programa como G.L.A.D. les permite a los estudiantes la oportunidad de [&hellip;]\" \/>\r\n<meta property=\"og:url\" content=\"https:\/\/web.dusd.net\/glad\/faqs\/\" \/>\r\n<meta property=\"og:site_name\" content=\"Global Language Academies of Downey\" \/>\r\n<meta property=\"article:modified_time\" content=\"2022-11-15T23:14:38+00:00\" \/>\r\n<meta name=\"twitter:card\" content=\"summary_large_image\" \/>\r\n<meta name=\"twitter:label1\" content=\"Est. reading time\" \/>\n\t<meta name=\"twitter:data1\" content=\"6 minutes\" \/>\r\n<script type=\"application\/ld+json\" class=\"yoast-schema-graph\">{\"@context\":\"https:\/\/schema.org\",\"@graph\":[{\"@type\":\"WebPage\",\"@id\":\"https:\/\/web.dusd.net\/glad\/faqs\/\",\"url\":\"https:\/\/web.dusd.net\/glad\/faqs\/\",\"name\":\"FAQs | Global Language Academies of Downey\",\"isPartOf\":{\"@id\":\"https:\/\/web.dusd.net\/glad\/#website\"},\"datePublished\":\"2022-01-19T20:42:51+00:00\",\"dateModified\":\"2022-11-15T23:14:38+00:00\",\"breadcrumb\":{\"@id\":\"https:\/\/web.dusd.net\/glad\/faqs\/#breadcrumb\"},\"inLanguage\":\"en-US\",\"potentialAction\":[{\"@type\":\"ReadAction\",\"target\":[\"https:\/\/web.dusd.net\/glad\/faqs\/\"]}]},{\"@type\":\"BreadcrumbList\",\"@id\":\"https:\/\/web.dusd.net\/glad\/faqs\/#breadcrumb\",\"itemListElement\":[{\"@type\":\"ListItem\",\"position\":1,\"name\":\"Home\",\"item\":\"https:\/\/web.dusd.net\/glad\/\"},{\"@type\":\"ListItem\",\"position\":2,\"name\":\"FAQs\"}]},{\"@type\":\"WebSite\",\"@id\":\"https:\/\/web.dusd.net\/glad\/#website\",\"url\":\"https:\/\/web.dusd.net\/glad\/\",\"name\":\"Global Language Academies of Downey\",\"description\":\"\",\"potentialAction\":[{\"@type\":\"SearchAction\",\"target\":{\"@type\":\"EntryPoint\",\"urlTemplate\":\"https:\/\/web.dusd.net\/glad\/?s={search_term_string}\"},\"query-input\":{\"@type\":\"PropertyValueSpecification\",\"valueRequired\":true,\"valueName\":\"search_term_string\"}}],\"inLanguage\":\"en-US\"}]}<\/script>\r\n<!-- \/ Yoast SEO plugin. -->","yoast_head_json":{"title":"FAQs | Global Language Academies of Downey","robots":{"index":"index","follow":"follow","max-snippet":"max-snippet:-1","max-image-preview":"max-image-preview:large","max-video-preview":"max-video-preview:-1"},"canonical":"https:\/\/web.dusd.net\/glad\/faqs\/","og_locale":"en_US","og_type":"article","og_title":"FAQs | Global Language Academies of Downey","og_description":"Preguntas FrecuentesDebido a la prevalencia del idioma ingl\u00e9s en los hogares de los estudiantes y sus comunidades, as\u00ed como en la sociedad estadounidense que los rodea, los estudiantes cuyo idioma nativo es el ingl\u00e9s no se consideran en riesgo de perder su fluidez. Un programa como G.L.A.D. les permite a los estudiantes la oportunidad de [&hellip;]","og_url":"https:\/\/web.dusd.net\/glad\/faqs\/","og_site_name":"Global Language Academies of Downey","article_modified_time":"2022-11-15T23:14:38+00:00","twitter_card":"summary_large_image","twitter_misc":{"Est. reading time":"6 minutes"},"schema":{"@context":"https:\/\/schema.org","@graph":[{"@type":"WebPage","@id":"https:\/\/web.dusd.net\/glad\/faqs\/","url":"https:\/\/web.dusd.net\/glad\/faqs\/","name":"FAQs | Global Language Academies of Downey","isPartOf":{"@id":"https:\/\/web.dusd.net\/glad\/#website"},"datePublished":"2022-01-19T20:42:51+00:00","dateModified":"2022-11-15T23:14:38+00:00","breadcrumb":{"@id":"https:\/\/web.dusd.net\/glad\/faqs\/#breadcrumb"},"inLanguage":"en-US","potentialAction":[{"@type":"ReadAction","target":["https:\/\/web.dusd.net\/glad\/faqs\/"]}]},{"@type":"BreadcrumbList","@id":"https:\/\/web.dusd.net\/glad\/faqs\/#breadcrumb","itemListElement":[{"@type":"ListItem","position":1,"name":"Home","item":"https:\/\/web.dusd.net\/glad\/"},{"@type":"ListItem","position":2,"name":"FAQs"}]},{"@type":"WebSite","@id":"https:\/\/web.dusd.net\/glad\/#website","url":"https:\/\/web.dusd.net\/glad\/","name":"Global Language Academies of Downey","description":"","potentialAction":[{"@type":"SearchAction","target":{"@type":"EntryPoint","urlTemplate":"https:\/\/web.dusd.net\/glad\/?s={search_term_string}"},"query-input":{"@type":"PropertyValueSpecification","valueRequired":true,"valueName":"search_term_string"}}],"inLanguage":"en-US"}]}},"_links":{"self":[{"href":"https:\/\/web.dusd.net\/glad\/wp-json\/wp\/v2\/pages\/9584","targetHints":{"allow":["GET"]}}],"collection":[{"href":"https:\/\/web.dusd.net\/glad\/wp-json\/wp\/v2\/pages"}],"about":[{"href":"https:\/\/web.dusd.net\/glad\/wp-json\/wp\/v2\/types\/page"}],"author":[{"embeddable":true,"href":"https:\/\/web.dusd.net\/glad\/wp-json\/wp\/v2\/users\/1"}],"replies":[{"embeddable":true,"href":"https:\/\/web.dusd.net\/glad\/wp-json\/wp\/v2\/comments?post=9584"}],"version-history":[{"count":12,"href":"https:\/\/web.dusd.net\/glad\/wp-json\/wp\/v2\/pages\/9584\/revisions"}],"predecessor-version":[{"id":10224,"href":"https:\/\/web.dusd.net\/glad\/wp-json\/wp\/v2\/pages\/9584\/revisions\/10224"}],"wp:attachment":[{"href":"https:\/\/web.dusd.net\/glad\/wp-json\/wp\/v2\/media?parent=9584"}],"curies":[{"name":"wp","href":"https:\/\/api.w.org\/{rel}","templated":true}]}}