{"id":1391,"date":"2019-09-03T01:42:34","date_gmt":"2019-09-03T01:42:34","guid":{"rendered":"http:\/\/web.dusd.net\/columbus-dev\/?page_id=1391"},"modified":"2021-02-16T04:20:15","modified_gmt":"2021-02-16T04:20:15","slug":"how-to-enroll","status":"publish","type":"page","link":"https:\/\/web.dusd.net\/columbus\/how-to-enroll\/","title":{"rendered":"How to Enroll"},"content":{"rendered":"<p>[et_pb_section fb_built=&#8221;1&#8243; custom_padding_last_edited=&#8221;on|phone&#8221; module_id=&#8221;principal&#8221; _builder_version=&#8221;4.6.6&#8243; background_enable_color=&#8221;off&#8221; use_background_color_gradient=&#8221;on&#8221; background_color_gradient_start=&#8221;#93a6c2&#8243; background_color_gradient_end=&#8221;#f4f4f4&#8243; background_color_gradient_end_position=&#8221;65%&#8221; background_color_gradient_overlays_image=&#8221;on&#8221; background_image=&#8221;https:\/\/web.dusd.net\/columbus-dev\/wp-content\/uploads\/sites\/67\/2021\/01\/Screen-Shot-2021-01-12-at-7.43.53-PM.png&#8221; background_size=&#8221;contain&#8221; background_position=&#8221;top_left&#8221; background_repeat=&#8221;repeat&#8221; background_blend=&#8221;screen&#8221; custom_padding=&#8221;0|0px|20px|0px|false|false&#8221; custom_padding_tablet=&#8221;&#8221; custom_padding_phone=&#8221;&#8221; background_color_phone=&#8221;#efefef&#8221; background_last_edited=&#8221;off|desktop&#8221; background_enable_color_phone=&#8221;on&#8221; background_enable_image_phone=&#8221;off&#8221;][et_pb_row _builder_version=&#8221;4.6.6&#8243; custom_padding=&#8221;||0px||false|false&#8221;][et_pb_column type=&#8221;4_4&#8243; _builder_version=&#8221;3.25&#8243; custom_padding=&#8221;|||&#8221; custom_padding__hover=&#8221;|||&#8221;][et_pb_text _builder_version=&#8221;4.6.6&#8243; text_font=&#8221;||||||||&#8221; text_text_color=&#8221;#ffffff&#8221; hover_enabled=&#8221;0&#8243; sticky_enabled=&#8221;0&#8243;]<\/p>\n<h1>How to Enroll<\/h1>\n<p>[\/et_pb_text][\/et_pb_column][\/et_pb_row][et_pb_row column_structure=&#8221;1_4,3_4&#8243; use_custom_gutter=&#8221;on&#8221; gutter_width=&#8221;2&#8243; _builder_version=&#8221;4.4.3&#8243; custom_padding=&#8221;0|0px|0|0px|false|false&#8221;][et_pb_column type=&#8221;1_4&#8243; _builder_version=&#8221;3.25&#8243; custom_padding=&#8221;|||&#8221; custom_padding__hover=&#8221;|||&#8221;][et_pb_image src=&#8221;https:\/\/web.dusd.net\/columbus-dev\/wp-content\/uploads\/sites\/67\/2020\/06\/web_gms_enroll2.jpg&#8221; alt=&#8221;middle school girls working on electronic device&#8221; _builder_version=&#8221;4.4.3&#8243; align=&#8221;center&#8221; transform_rotate=&#8221;0deg|0deg|-1deg&#8221; border_width_all=&#8221;6px&#8221; border_color_all=&#8221;#f4f4f4&#8243; box_shadow_style=&#8221;preset2&#8243; box_shadow_horizontal=&#8221;0px&#8221; box_shadow_vertical=&#8221;3px&#8221; box_shadow_blur=&#8221;10px&#8221;][\/et_pb_image][\/et_pb_column][et_pb_column type=&#8221;3_4&#8243; _builder_version=&#8221;3.25&#8243; custom_padding=&#8221;|||&#8221; custom_padding__hover=&#8221;|||&#8221;][et_pb_text _builder_version=&#8221;4.4.3&#8243; min_height=&#8221;31px&#8221;]<\/p>\n<h2>Let&#8217;s start a great year together at DUSD!<\/h2>\n<p>[\/et_pb_text][et_pb_text _builder_version=&#8221;4.4.2&#8243;]<\/p>\n<p>We hope you find our new online enrollment process convenient and easy to use. We look forward to enrolling your student(s) and providing them a 21st-century education that ensures they are college and career ready, globally competitive and citizens of strong character. So many wonderful experiences await your student(s) at Downey Unified, and we are thrilled to partner with you in the vital task of educating your child.\u00a0<\/p>\n<p>If you have any questions about enrollment please contact Student Services at 562-469-6550.\u00a0<strong> Let&#8217;s get started!<\/strong><\/p>\n<p>[\/et_pb_text][\/et_pb_column][\/et_pb_row][\/et_pb_section][et_pb_section fb_built=&#8221;1&#8243; module_id=&#8221;enroll&#8221; _builder_version=&#8221;4.4.3&#8243; custom_padding=&#8221;7px||6px|||&#8221;][et_pb_row column_structure=&#8221;1_3,2_3&#8243; use_custom_gutter=&#8221;on&#8221; gutter_width=&#8221;2&#8243; _builder_version=&#8221;4.4.3&#8243; custom_margin=&#8221;0px|auto||auto|false|false&#8221; custom_padding=&#8221;15px||||false|false&#8221;][et_pb_column type=&#8221;1_3&#8243; _builder_version=&#8221;4.4.2&#8243;][et_pb_text _builder_version=&#8221;4.4.3&#8243; text_orientation=&#8221;right&#8221; custom_margin_tablet=&#8221;||||false|false&#8221; custom_margin_phone=&#8221;&#8221; custom_margin_last_edited=&#8221;on|tablet&#8221; custom_padding=&#8221;||||false|false&#8221; text_orientation_tablet=&#8221;left&#8221; text_orientation_phone=&#8221;left&#8221; text_orientation_last_edited=&#8221;on|phone&#8221;]<\/p>\n<h1>Step 1:<\/h1>\n<p>[\/et_pb_text][\/et_pb_column][et_pb_column type=&#8221;2_3&#8243; _builder_version=&#8221;4.4.2&#8243;][et_pb_text _builder_version=&#8221;4.4.2&#8243; custom_margin=&#8221;-3px|||||&#8221;]<\/p>\n<p>Complete the Enrollment screens. Parents\/Guardians will need a valid email address to begin. If you do not have an email account, please create an email account from your preferred free email service provider.<\/p>\n<p>[\/et_pb_text][\/et_pb_column][\/et_pb_row][et_pb_row column_structure=&#8221;1_3,2_3&#8243; use_custom_gutter=&#8221;on&#8221; gutter_width=&#8221;2&#8243; _builder_version=&#8221;4.4.3&#8243; custom_margin=&#8221;0px|auto||auto|false|false&#8221; custom_padding=&#8221;0px||||false|false&#8221;][et_pb_column type=&#8221;1_3&#8243; _builder_version=&#8221;4.4.2&#8243;][et_pb_text _builder_version=&#8221;4.4.3&#8243; text_orientation=&#8221;right&#8221; custom_padding=&#8221;||||false|false&#8221; text_orientation_tablet=&#8221;left&#8221; text_orientation_phone=&#8221;left&#8221; text_orientation_last_edited=&#8221;on|phone&#8221;]<\/p>\n<h1>Step 2:<\/h1>\n<p>[\/et_pb_text][\/et_pb_column][et_pb_column type=&#8221;2_3&#8243; _builder_version=&#8221;4.4.2&#8243;][et_pb_text _builder_version=&#8221;4.4.2&#8243;]<\/p>\n<p>Upon completion of the Pre-Enrollment, you will still need to bring original required registration documents (Identification Card, birth certificate, utility bill, etc.) to your school to complete the enrollment process.<\/p>\n<p>[\/et_pb_text][\/et_pb_column][\/et_pb_row][et_pb_row column_structure=&#8221;1_3,2_3&#8243; use_custom_gutter=&#8221;on&#8221; gutter_width=&#8221;2&#8243; _builder_version=&#8221;4.4.3&#8243; custom_margin=&#8221;0px|auto||auto|false|false&#8221; custom_padding=&#8221;0px||||false|false&#8221;][et_pb_column type=&#8221;1_3&#8243; _builder_version=&#8221;4.4.2&#8243;][et_pb_text _builder_version=&#8221;4.4.3&#8243; text_orientation=&#8221;right&#8221; custom_padding=&#8221;||||false|false&#8221; text_orientation_tablet=&#8221;left&#8221; text_orientation_phone=&#8221;left&#8221; text_orientation_last_edited=&#8221;on|phone&#8221;]<\/p>\n<h1>Step 3:<\/h1>\n<p>[\/et_pb_text][\/et_pb_column][et_pb_column type=&#8221;2_3&#8243; _builder_version=&#8221;4.4.2&#8243;][et_pb_text _builder_version=&#8221;4.4.3&#8243; link_option_url=&#8221;\/\/web.dusd.net\/enrollment-requirements&#8221;]<\/p>\n<p><a href=\"\/\/web.dusd.net\/enrollment-requirements\/\">Click here<\/a> to view the required documents you will need to bring into the school office.<\/p>\n<p>[\/et_pb_text][\/et_pb_column][\/et_pb_row][et_pb_row _builder_version=&#8221;4.4.2&#8243;][et_pb_column type=&#8221;4_4&#8243; _builder_version=&#8221;4.4.2&#8243;][et_pb_toggle title=&#8221;Inscripci\u00f3n en l\u00ednea para Downey Unified&#8221; open_toggle_background_color=&#8221;#ffffff&#8221; closed_toggle_text_color=&#8221;#0061ae&#8221; closed_toggle_background_color=&#8221;#ffffff&#8221; icon_color=&#8221;#0061ae&#8221; use_icon_font_size=&#8221;on&#8221; icon_font_size=&#8221;29px&#8221; content_tablet=&#8221;&#8221; content_phone=&#8221;<\/p>\n<h3>\u00a1Comencemos un gran a\u00f1o juntos en DUSD!<\/h3>\n<p>Esperamos que nuestro nuevo proceso de inscripci\u00f3n en l\u00ednea sea conveniente y f\u00e1cil de usar. Deseamos inscribir a su(s) estudiante(s) y brindarles una educaci\u00f3n del siglo XXI que garantice que est\u00e9n preparados para la universidad y la carrera, que sean competitivos a nivel mundial y sean ciudadanos de car\u00e1cter fuerte. Tantas experiencias maravillosas esperan a su(s) estudiante(s) en el Distrito Unificado de Downey, y estamos encantados de asociarnos con usted en la tarea vital de educar a su hijo. Si tiene alguna pregunta sobre la inscripci\u00f3n, comun\u00edquese con Servicios al Estudiante al 562-469-6550.<strong> \u00a1Empecemos!<\/strong><\/p>\n<h2 style=%22padding-left: 0px;%22>Paso 1<\/h2>\n<p style=%22padding-left: 0px;%22>Complete las pantallas de inscripci\u00f3n. Padres\/Guardianes necesitar\u00e1n una direcci\u00f3n de correo electr\u00f3nico v\u00e1lida para comenzar. Si no tiene una cuenta de correo electr\u00f3nico, inicie una cuenta de correo electr\u00f3nico con su proveedor preferido de servicios de correo electr\u00f3nico.<\/p>\n<h2 style=%22padding-left: 0px;%22>Paso 2<\/h2>\n<p style=%22padding-left: 0px;%22>Al completar la inscripci\u00f3n, usted todav\u00eda tendr\u00e1 que traer los documentos originales requeridos para registrar (tarjeta de Identificaci\u00f3n, certificado de nacimiento, factura de servicios p\u00fablicos, etc.) a su escuela para completar el proceso de inscripci\u00f3n.<\/p>\n<h2 style=%22padding-left: 0px;%22>Paso 3<\/h2>\n<p style=%22padding-left: 0px;%22><a href=%22\/\/web.dusd.net\/wp-content\/uploads\/2020\/04\/1Enrollment-Requirments-rev-4-2-19.pdf%22 data-et-target-link=%22_blank%22 rel=%22noopener noreferrer%22>Haga clic aqu\u00ed<\/a> para ver los documentos requeridos que necesitar\u00e1 traer a la oficina de la escuela.<\/p>\n<h3><span>\u00bfVives fuera de los l\u00edmites del distrito escolar? <\/span><\/h3>\n<p><span><a href=%22https:\/\/web.dusd.net\/application-form-espanol\/%22>Haga clic aqu\u00ed<\/a> para solicitar un permiso.<\/span><\/p>\n<p>&#8221; content_last_edited=&#8221;on|phone&#8221; _builder_version=&#8221;4.4.8&#8243; closed_title_font=&#8221;|600|||||||&#8221; closed_title_font_size=&#8221;28px&#8221;]<\/p>\n<h3>\u00a1Comencemos un gran a\u00f1o juntos en DUSD!<\/h3>\n<p>Esperamos que nuestro nuevo proceso de inscripci\u00f3n en l\u00ednea sea conveniente y f\u00e1cil de usar. Deseamos inscribir a su(s) estudiante(s) y brindarles una educaci\u00f3n del siglo XXI que garantice que est\u00e9n preparados para la universidad y la carrera, que sean competitivos a nivel mundial y sean ciudadanos de car\u00e1cter fuerte. Tantas experiencias maravillosas esperan a su(s) estudiante(s) en el Distrito Unificado de Downey, y estamos encantados de asociarnos con usted en la tarea vital de educar a su hijo. Si tiene alguna pregunta sobre la inscripci\u00f3n, comun\u00edquese con Servicios al Estudiante al 562-469-6550.<strong>\u00a0\u00a1Empecemos!<\/strong><\/p>\n<h2 style=\"padding-left: 90px;\">Paso 1<\/h2>\n<p style=\"padding-left: 90px;\">Complete las pantallas de inscripci\u00f3n. Padres\/Guardianes necesitar\u00e1n una direcci\u00f3n de correo electr\u00f3nico v\u00e1lida para comenzar. Si no tiene una cuenta de correo electr\u00f3nico, inicie una cuenta de correo electr\u00f3nico con su proveedor preferido de servicios de correo electr\u00f3nico.<\/p>\n<h2 style=\"padding-left: 90px;\">Paso 2<\/h2>\n<p style=\"padding-left: 90px;\">Al completar la inscripci\u00f3n, usted todav\u00eda tendr\u00e1 que traer los documentos originales requeridos para registrar (tarjeta de Identificaci\u00f3n, certificado de nacimiento, factura de servicios p\u00fablicos, etc.) a su escuela para completar el proceso de inscripci\u00f3n.<\/p>\n<h2 style=\"padding-left: 90px;\">Paso 3<\/h2>\n<p style=\"padding-left: 90px;\"><a href=\"\/\/web.dusd.net\/wp-content\/uploads\/2020\/04\/1Enrollment-Requirments-rev-4-2-19.pdf\" target=\"_blank\" rel=\"noopener noreferrer\">Haga clic aqu\u00ed<\/a> para ver los documentos requeridos que necesitar\u00e1 traer a la oficina de la escuela.<\/p>\n<h3><span>\u00bfVives fuera de los l\u00edmites del distrito escolar? <\/span><\/h3>\n<p><span><a href=\"https:\/\/web.dusd.net\/application-form-espanol\/\">Haga clic aqu\u00ed<\/a> para solicitar un permiso.<\/span><\/p>\n<p>[\/et_pb_toggle][\/et_pb_column][\/et_pb_row][et_pb_row _builder_version=&#8221;4.4.2&#8243;][et_pb_column type=&#8221;4_4&#8243; _builder_version=&#8221;4.4.2&#8243;][et_pb_button button_url=&#8221;https:\/\/enroll.dusd.net&#8221; url_new_window=&#8221;on&#8221; button_text=&#8221;ready to enroll&#8221; button_alignment=&#8221;center&#8221; module_class=&#8221;button&#8221; _builder_version=&#8221;4.6.6&#8243; custom_button=&#8221;on&#8221; button_text_color=&#8221;#ffffff&#8221; button_bg_color=&#8221;#450a62&#8243; button_font=&#8221;|||on|||||&#8221; background_layout=&#8221;dark&#8221; custom_margin=&#8221;||15px||false|false&#8221; hover_enabled=&#8221;0&#8243; button_bg_enable_color=&#8221;on&#8221; button_border_width=&#8221;0px&#8221; sticky_enabled=&#8221;0&#8243;][\/et_pb_button][et_pb_text _builder_version=&#8221;4.4.3&#8243;]<\/p>\n<h4 style=\"text-align: center;\">Do you live outside the school district boundaries?<strong> <a href=\"https:\/\/web.dusd.net\/apply\/\">Click here<\/a> to apply for a permit.<\/strong><\/h4>\n<p>[\/et_pb_text][\/et_pb_column][\/et_pb_row][\/et_pb_section]<\/p>\n","protected":false},"excerpt":{"rendered":"<p>How to Enroll Let&#8217;s start a great year together at DUSD!We hope you find our new online enrollment process convenient and easy to use. We look forward to enrolling your student(s) and providing them a 21st-century education that ensures they are college and career ready, globally competitive and citizens of strong character. So many wonderful [&hellip;]<\/p>\n","protected":false},"author":1,"featured_media":0,"parent":0,"menu_order":0,"comment_status":"closed","ping_status":"closed","template":"","meta":{"_et_pb_use_builder":"on","_et_pb_old_content":"","_et_gb_content_width":"","footnotes":""},"class_list":["post-1391","page","type-page","status-publish","hentry"],"yoast_head":"<!-- This site is optimized with the Yoast SEO plugin v25.3 - https:\/\/yoast.com\/wordpress\/plugins\/seo\/ -->\r\n<title>How to Enroll | Columbus High School<\/title>\r\n<meta name=\"robots\" content=\"index, follow, max-snippet:-1, max-image-preview:large, max-video-preview:-1\" \/>\r\n<link rel=\"canonical\" href=\"https:\/\/web.dusd.net\/columbus\/how-to-enroll\/\" \/>\r\n<meta property=\"og:locale\" content=\"en_US\" \/>\r\n<meta property=\"og:type\" content=\"article\" \/>\r\n<meta property=\"og:title\" content=\"How to Enroll | Columbus High School\" \/>\r\n<meta property=\"og:description\" content=\"How to Enroll Let&#039;s start a great year together at DUSD!We hope you find our new online enrollment process convenient and easy to use. We look forward to enrolling your student(s) and providing them a 21st-century education that ensures they are college and career ready, globally competitive and citizens of strong character. So many wonderful [&hellip;]\" \/>\r\n<meta property=\"og:url\" content=\"https:\/\/web.dusd.net\/columbus\/how-to-enroll\/\" \/>\r\n<meta property=\"og:site_name\" content=\"Columbus High School\" \/>\r\n<meta property=\"article:modified_time\" content=\"2021-02-16T04:20:15+00:00\" \/>\r\n<meta property=\"og:image\" content=\"https:\/\/web.dusd.net\/columbus\/wp-content\/uploads\/sites\/67\/2021\/01\/COLUMBUS.png\" \/>\r\n\t<meta property=\"og:image:width\" content=\"867\" \/>\r\n\t<meta property=\"og:image:height\" content=\"195\" \/>\r\n\t<meta property=\"og:image:type\" content=\"image\/png\" \/>\r\n<meta name=\"twitter:card\" content=\"summary_large_image\" \/>\r\n<meta name=\"twitter:label1\" content=\"Est. reading time\" \/>\n\t<meta name=\"twitter:data1\" content=\"7 minutes\" \/>\r\n<script type=\"application\/ld+json\" class=\"yoast-schema-graph\">{\"@context\":\"https:\/\/schema.org\",\"@graph\":[{\"@type\":\"WebPage\",\"@id\":\"https:\/\/web.dusd.net\/columbus\/how-to-enroll\/\",\"url\":\"https:\/\/web.dusd.net\/columbus\/how-to-enroll\/\",\"name\":\"How to Enroll | Columbus High School\",\"isPartOf\":{\"@id\":\"https:\/\/web.dusd.net\/columbus\/#website\"},\"datePublished\":\"2019-09-03T01:42:34+00:00\",\"dateModified\":\"2021-02-16T04:20:15+00:00\",\"breadcrumb\":{\"@id\":\"https:\/\/web.dusd.net\/columbus\/how-to-enroll\/#breadcrumb\"},\"inLanguage\":\"en-US\",\"potentialAction\":[{\"@type\":\"ReadAction\",\"target\":[\"https:\/\/web.dusd.net\/columbus\/how-to-enroll\/\"]}]},{\"@type\":\"BreadcrumbList\",\"@id\":\"https:\/\/web.dusd.net\/columbus\/how-to-enroll\/#breadcrumb\",\"itemListElement\":[{\"@type\":\"ListItem\",\"position\":1,\"name\":\"Home\",\"item\":\"https:\/\/web.dusd.net\/columbus\/\"},{\"@type\":\"ListItem\",\"position\":2,\"name\":\"How to Enroll\"}]},{\"@type\":\"WebSite\",\"@id\":\"https:\/\/web.dusd.net\/columbus\/#website\",\"url\":\"https:\/\/web.dusd.net\/columbus\/\",\"name\":\"Columbus High School\",\"description\":\"Helping students navigate a new course to success\",\"potentialAction\":[{\"@type\":\"SearchAction\",\"target\":{\"@type\":\"EntryPoint\",\"urlTemplate\":\"https:\/\/web.dusd.net\/columbus\/?s={search_term_string}\"},\"query-input\":{\"@type\":\"PropertyValueSpecification\",\"valueRequired\":true,\"valueName\":\"search_term_string\"}}],\"inLanguage\":\"en-US\"}]}<\/script>\r\n<!-- \/ Yoast SEO plugin. -->","yoast_head_json":{"title":"How to Enroll | Columbus High School","robots":{"index":"index","follow":"follow","max-snippet":"max-snippet:-1","max-image-preview":"max-image-preview:large","max-video-preview":"max-video-preview:-1"},"canonical":"https:\/\/web.dusd.net\/columbus\/how-to-enroll\/","og_locale":"en_US","og_type":"article","og_title":"How to Enroll | Columbus High School","og_description":"How to Enroll Let's start a great year together at DUSD!We hope you find our new online enrollment process convenient and easy to use. We look forward to enrolling your student(s) and providing them a 21st-century education that ensures they are college and career ready, globally competitive and citizens of strong character. So many wonderful [&hellip;]","og_url":"https:\/\/web.dusd.net\/columbus\/how-to-enroll\/","og_site_name":"Columbus High School","article_modified_time":"2021-02-16T04:20:15+00:00","og_image":[{"width":867,"height":195,"url":"https:\/\/web.dusd.net\/columbus\/wp-content\/uploads\/sites\/67\/2021\/01\/COLUMBUS.png","type":"image\/png"}],"twitter_card":"summary_large_image","twitter_misc":{"Est. reading time":"7 minutes"},"schema":{"@context":"https:\/\/schema.org","@graph":[{"@type":"WebPage","@id":"https:\/\/web.dusd.net\/columbus\/how-to-enroll\/","url":"https:\/\/web.dusd.net\/columbus\/how-to-enroll\/","name":"How to Enroll | Columbus High School","isPartOf":{"@id":"https:\/\/web.dusd.net\/columbus\/#website"},"datePublished":"2019-09-03T01:42:34+00:00","dateModified":"2021-02-16T04:20:15+00:00","breadcrumb":{"@id":"https:\/\/web.dusd.net\/columbus\/how-to-enroll\/#breadcrumb"},"inLanguage":"en-US","potentialAction":[{"@type":"ReadAction","target":["https:\/\/web.dusd.net\/columbus\/how-to-enroll\/"]}]},{"@type":"BreadcrumbList","@id":"https:\/\/web.dusd.net\/columbus\/how-to-enroll\/#breadcrumb","itemListElement":[{"@type":"ListItem","position":1,"name":"Home","item":"https:\/\/web.dusd.net\/columbus\/"},{"@type":"ListItem","position":2,"name":"How to Enroll"}]},{"@type":"WebSite","@id":"https:\/\/web.dusd.net\/columbus\/#website","url":"https:\/\/web.dusd.net\/columbus\/","name":"Columbus High School","description":"Helping students navigate a new course to success","potentialAction":[{"@type":"SearchAction","target":{"@type":"EntryPoint","urlTemplate":"https:\/\/web.dusd.net\/columbus\/?s={search_term_string}"},"query-input":{"@type":"PropertyValueSpecification","valueRequired":true,"valueName":"search_term_string"}}],"inLanguage":"en-US"}]}},"_links":{"self":[{"href":"https:\/\/web.dusd.net\/columbus\/wp-json\/wp\/v2\/pages\/1391","targetHints":{"allow":["GET"]}}],"collection":[{"href":"https:\/\/web.dusd.net\/columbus\/wp-json\/wp\/v2\/pages"}],"about":[{"href":"https:\/\/web.dusd.net\/columbus\/wp-json\/wp\/v2\/types\/page"}],"author":[{"embeddable":true,"href":"https:\/\/web.dusd.net\/columbus\/wp-json\/wp\/v2\/users\/1"}],"replies":[{"embeddable":true,"href":"https:\/\/web.dusd.net\/columbus\/wp-json\/wp\/v2\/comments?post=1391"}],"version-history":[{"count":36,"href":"https:\/\/web.dusd.net\/columbus\/wp-json\/wp\/v2\/pages\/1391\/revisions"}],"predecessor-version":[{"id":7244,"href":"https:\/\/web.dusd.net\/columbus\/wp-json\/wp\/v2\/pages\/1391\/revisions\/7244"}],"wp:attachment":[{"href":"https:\/\/web.dusd.net\/columbus\/wp-json\/wp\/v2\/media?parent=1391"}],"curies":[{"name":"wp","href":"https:\/\/api.w.org\/{rel}","templated":true}]}}